{"id":120,"date":"2020-04-28T11:35:57","date_gmt":"2020-04-28T11:35:57","guid":{"rendered":"https:\/\/bridge358.qodeinteractive.com\/?page_id=120"},"modified":"2024-02-28T13:55:39","modified_gmt":"2024-02-28T12:55:39","slug":"rsvp","status":"publish","type":"page","link":"https:\/\/omamystudio.pl\/wedding\/rsvp\/","title":{"rendered":"RSVP"},"content":{"rendered":"\t\t<div data-elementor-type=\"wp-page\" data-elementor-id=\"120\" class=\"elementor elementor-120\">\n\t\t\t\t\t\t<section class=\"elementor-section elementor-top-section elementor-element elementor-element-5d28c330 elementor-section-full_width elementor-section-height-default elementor-section-height-default parallax_section_no qode_elementor_container_no\" data-id=\"5d28c330\" data-element_type=\"section\" data-settings=\"{&quot;background_background&quot;:&quot;classic&quot;}\">\n\t\t\t\t\t\t<div class=\"elementor-container elementor-column-gap-no\">\n\t\t\t\t\t<div class=\"elementor-column elementor-col-100 elementor-top-column elementor-element elementor-element-668487e2\" data-id=\"668487e2\" data-element_type=\"column\">\n\t\t\t<div class=\"elementor-widget-wrap elementor-element-populated\">\n\t\t\t\t\t\t<div class=\"elementor-element elementor-element-447cf78a elementor-widget elementor-widget-image\" data-id=\"447cf78a\" data-element_type=\"widget\" data-widget_type=\"image.default\">\n\t\t\t\t<div class=\"elementor-widget-container\">\n\t\t\t<style>\/*! elementor - v3.19.0 - 07-02-2024 *\/\n.elementor-widget-image{text-align:center}.elementor-widget-image a{display:inline-block}.elementor-widget-image a img[src$=\".svg\"]{width:48px}.elementor-widget-image img{vertical-align:middle;display:inline-block}<\/style>\t\t\t\t\t\t\t\t\t\t<img fetchpriority=\"high\" decoding=\"async\" width=\"594\" height=\"173\" src=\"https:\/\/omamystudio.pl\/wedding\/wp-content\/uploads\/2020\/04\/rsvp-img-1.png\" class=\"attachment-full size-full wp-image-125\" alt=\"m\" srcset=\"https:\/\/omamystudio.pl\/wedding\/wp-content\/uploads\/2020\/04\/rsvp-img-1.png 594w, https:\/\/omamystudio.pl\/wedding\/wp-content\/uploads\/2020\/04\/rsvp-img-1-300x87.png 300w\" sizes=\"(max-width: 594px) 100vw, 594px\" \/>\t\t\t\t\t\t\t\t\t\t\t\t\t<\/div>\n\t\t\t\t<\/div>\n\t\t\t\t\t<\/div>\n\t\t<\/div>\n\t\t\t\t\t<\/div>\n\t\t<\/section>\n\t\t\t\t<section class=\"elementor-section elementor-top-section elementor-element elementor-element-5e639695 qode_elementor_container_inner elementor-section-boxed elementor-section-height-default elementor-section-height-default parallax_section_no\" data-id=\"5e639695\" data-element_type=\"section\">\n\t\t\t\t\t\t<div class=\"elementor-container elementor-column-gap-no\">\n\t\t\t\t\t<div class=\"elementor-column elementor-col-100 elementor-top-column elementor-element elementor-element-7fcd1048\" data-id=\"7fcd1048\" data-element_type=\"column\">\n\t\t\t<div class=\"elementor-widget-wrap elementor-element-populated\">\n\t\t\t\t\t\t<div class=\"elementor-element elementor-element-5a6944bb elementor-widget elementor-widget-text-editor\" data-id=\"5a6944bb\" data-element_type=\"widget\" data-widget_type=\"text-editor.default\">\n\t\t\t\t<div class=\"elementor-widget-container\">\n\t\t\t<style>\/*! elementor - v3.19.0 - 07-02-2024 *\/\n.elementor-widget-text-editor.elementor-drop-cap-view-stacked .elementor-drop-cap{background-color:#69727d;color:#fff}.elementor-widget-text-editor.elementor-drop-cap-view-framed .elementor-drop-cap{color:#69727d;border:3px solid;background-color:transparent}.elementor-widget-text-editor:not(.elementor-drop-cap-view-default) .elementor-drop-cap{margin-top:8px}.elementor-widget-text-editor:not(.elementor-drop-cap-view-default) .elementor-drop-cap-letter{width:1em;height:1em}.elementor-widget-text-editor .elementor-drop-cap{float:left;text-align:center;line-height:1;font-size:50px}.elementor-widget-text-editor .elementor-drop-cap-letter{display:inline-block}<\/style>\t\t\t\t<h5 style=\"text-align: center;\">Magiczny moment<\/h5>\t\t\t\t\t\t<\/div>\n\t\t\t\t<\/div>\n\t\t\t\t<div class=\"elementor-element elementor-element-52a53f71 elementor-widget elementor-widget-text-editor\" data-id=\"52a53f71\" data-element_type=\"widget\" data-widget_type=\"text-editor.default\">\n\t\t\t\t<div class=\"elementor-widget-container\">\n\t\t\t\t\t\t\t<h1 style=\"text-align: center;\">Sp\u0119dzisz z nami ten wyj\u0105tkowy dzie\u0144?<\/h1>\t\t\t\t\t\t<\/div>\n\t\t\t\t<\/div>\n\t\t\t\t<div class=\"elementor-element elementor-element-7792d06e elementor-widget elementor-widget-image\" data-id=\"7792d06e\" data-element_type=\"widget\" data-widget_type=\"image.default\">\n\t\t\t\t<div class=\"elementor-widget-container\">\n\t\t\t\t\t\t\t\t\t\t\t\t\t<img decoding=\"async\" width=\"139\" height=\"16\" src=\"https:\/\/omamystudio.pl\/wedding\/wp-content\/uploads\/2020\/04\/separator.png\" class=\"attachment-full size-full wp-image-21\" alt=\"m\" \/>\t\t\t\t\t\t\t\t\t\t\t\t\t<\/div>\n\t\t\t\t<\/div>\n\t\t\t\t<div class=\"elementor-element elementor-element-64dc1221 elementor-widget elementor-widget-text-editor\" data-id=\"64dc1221\" data-element_type=\"widget\" data-widget_type=\"text-editor.default\">\n\t\t\t\t<div class=\"elementor-widget-container\">\n\t\t\t\t\t\t\t<h4 style=\"text-align: center;\">Wype\u0142nij formularz i odpowiedz na nasze zaproszenie. Mo\u017cesz wybra\u0107 te\u017c rodzaj menu \ud83d\ude42<\/h4>\t\t\t\t\t\t<\/div>\n\t\t\t\t<\/div>\n\t\t\t\t\t<\/div>\n\t\t<\/div>\n\t\t\t\t\t<\/div>\n\t\t<\/section>\n\t\t\t\t<section class=\"elementor-section elementor-top-section elementor-element elementor-element-23acc13 qode_elementor_container_inner elementor-section-boxed elementor-section-height-default elementor-section-height-default parallax_section_no\" data-id=\"23acc13\" data-element_type=\"section\">\n\t\t\t\t\t\t<div class=\"elementor-container elementor-column-gap-no\">\n\t\t\t\t\t<div class=\"elementor-column elementor-col-100 elementor-top-column elementor-element elementor-element-aa84f8f\" data-id=\"aa84f8f\" data-element_type=\"column\">\n\t\t\t<div class=\"elementor-widget-wrap elementor-element-populated\">\n\t\t\t\t\t\t<div class=\"elementor-element elementor-element-bbd4206 elementor-widget elementor-widget-bridge_cf_7\" data-id=\"bbd4206\" data-element_type=\"widget\" data-widget_type=\"bridge_cf_7.default\">\n\t\t\t\t<div class=\"elementor-widget-container\">\n\t\t\t    <div class=\"qode-contact-form-7 qode-contact-form-7-0\">\n    \n<div class=\"wpcf7 no-js\" id=\"wpcf7-f119-o1\" lang=\"en-US\" dir=\"ltr\">\n<div class=\"screen-reader-response\"><p role=\"status\" aria-live=\"polite\" aria-atomic=\"true\"><\/p> <ul><\/ul><\/div>\n<form action=\"\/wedding\/wp-json\/wp\/v2\/pages\/120#wpcf7-f119-o1\" method=\"post\" class=\"wpcf7-form init cf7_custom_style_1\" aria-label=\"Contact form\" novalidate=\"novalidate\" data-status=\"init\">\n<div style=\"display: none;\">\n<input type=\"hidden\" name=\"_wpcf7\" value=\"119\" \/>\n<input type=\"hidden\" name=\"_wpcf7_version\" value=\"5.8.7\" \/>\n<input type=\"hidden\" name=\"_wpcf7_locale\" value=\"en_US\" \/>\n<input type=\"hidden\" name=\"_wpcf7_unit_tag\" value=\"wpcf7-f119-o1\" \/>\n<input type=\"hidden\" name=\"_wpcf7_container_post\" value=\"0\" \/>\n<input type=\"hidden\" name=\"_wpcf7_posted_data_hash\" value=\"\" \/>\n<\/div>\n<div><span class=\"wpcf7-form-control-wrap\" data-name=\"text-791\"><input size=\"40\" class=\"wpcf7-form-control wpcf7-text\" aria-invalid=\"false\" placeholder=\"Twoje imi\u0119 i nazwisko\" value=\"\" type=\"text\" name=\"text-791\" \/><\/span><\/div>\n<div><span class=\"wpcf7-form-control-wrap\" data-name=\"checkbox-758\"><span class=\"wpcf7-form-control wpcf7-checkbox wpcf7-exclusive-checkbox\"><span class=\"wpcf7-list-item first\"><input type=\"checkbox\" name=\"checkbox-758\" value=\"B\u0119d\u0119!\" \/><span class=\"wpcf7-list-item-label\">B\u0119d\u0119!<\/span><\/span><span class=\"wpcf7-list-item last\"><input type=\"checkbox\" name=\"checkbox-758\" value=\"Przykro mi, nie mog\u0119 by\u0107\" \/><span class=\"wpcf7-list-item-label\">Przykro mi, nie mog\u0119 by\u0107<\/span><\/span><\/span><\/span><\/div>\n<div class=\"qode-cf-select\"><span class=\"wpcf7-form-control-wrap\" data-name=\"menu-950\"><select class=\"wpcf7-form-control wpcf7-select\" aria-invalid=\"false\" name=\"menu-950\"><option value=\"Liczba go\u015bci\">Liczba go\u015bci<\/option><option value=\"1\">1<\/option><option value=\"2\">2<\/option><option value=\"3\">3<\/option><option value=\"4\">4<\/option><option value=\"5\">5<\/option><\/select><\/span><\/div>\n<div class=\"qode-cf-select\"><span class=\"wpcf7-form-control-wrap\" data-name=\"menu-950\"><select class=\"wpcf7-form-control wpcf7-select\" aria-invalid=\"false\" name=\"menu-950\"><option value=\"Preferowane menu\">Preferowane menu<\/option><option value=\"Mi\u0119sne\">Mi\u0119sne<\/option><option value=\"Wegetaria\u0144skie\">Wegetaria\u0144skie<\/option><\/select><\/span><\/div>\n<div><span class=\"wpcf7-form-control-wrap\" data-name=\"textarea-107\"><textarea cols=\"40\" rows=\"10\" class=\"wpcf7-form-control wpcf7-textarea\" aria-invalid=\"false\" placeholder=\"Wiadomo\u015b\u0107\" name=\"textarea-107\"><\/textarea><\/span><\/div>\n<div style=\"text-align: center;\"><input class=\"wpcf7-form-control wpcf7-submit has-spinner\" type=\"submit\" value=\"Wy\u015blij\" \/><\/div><div class=\"wpcf7-response-output\" aria-hidden=\"true\"><\/div>\n<\/form>\n<\/div>\n    <\/div>\n\t\t<\/div>\n\t\t\t\t<\/div>\n\t\t\t\t\t<\/div>\n\t\t<\/div>\n\t\t\t\t\t<\/div>\n\t\t<\/section>\n\t\t\t\t<section class=\"elementor-section elementor-top-section elementor-element elementor-element-68665683 elementor-section-full_width elementor-section-height-default elementor-section-height-default parallax_section_no qode_elementor_container_no\" data-id=\"68665683\" data-element_type=\"section\" data-settings=\"{&quot;background_background&quot;:&quot;classic&quot;}\">\n\t\t\t\t\t\t<div class=\"elementor-container elementor-column-gap-default\">\n\t\t\t\t\t<div class=\"elementor-column elementor-col-100 elementor-top-column elementor-element elementor-element-6c5a9f87\" data-id=\"6c5a9f87\" data-element_type=\"column\">\n\t\t\t<div class=\"elementor-widget-wrap elementor-element-populated\">\n\t\t\t\t\t\t<div class=\"elementor-element elementor-element-76f443dc elementor-widget elementor-widget-text-editor\" data-id=\"76f443dc\" data-element_type=\"widget\" data-widget_type=\"text-editor.default\">\n\t\t\t\t<div class=\"elementor-widget-container\">\n\t\t\t\t\t\t\t<h5 style=\"text-align: center;\">Mamy nadziej\u0119 &#8222;do zobaczenia&#8221;!<\/h5>\t\t\t\t\t\t<\/div>\n\t\t\t\t<\/div>\n\t\t\t\t<div class=\"elementor-element elementor-element-44a8ad86 elementor-widget elementor-widget-text-editor\" data-id=\"44a8ad86\" data-element_type=\"widget\" data-widget_type=\"text-editor.default\">\n\t\t\t\t<div class=\"elementor-widget-container\">\n\t\t\t\t\t\t\t<h1 style=\"text-align: center;\">Dzi\u0119kujemy za odpowied\u017a!<\/h1>\t\t\t\t\t\t<\/div>\n\t\t\t\t<\/div>\n\t\t\t\t\t<\/div>\n\t\t<\/div>\n\t\t\t\t\t<\/div>\n\t\t<\/section>\n\t\t\t\t<\/div>\n\t\t","protected":false},"excerpt":{"rendered":"<p>Magiczny moment Sp\u0119dzisz z nami ten wyj\u0105tkowy dzie\u0144? Wype\u0142nij formularz i odpowiedz na nasze zaproszenie. Mo\u017cesz wybra\u0107 te\u017c rodzaj menu \ud83d\ude42 B\u0119d\u0119!Przykro mi, nie mog\u0119 by\u0107 Liczba go\u015bci12345 Preferowane menuMi\u0119sneWegetaria\u0144skie Mamy nadziej\u0119 &#8222;do zobaczenia&#8221;! Dzi\u0119kujemy za odpowied\u017a!<\/p>\n","protected":false},"author":2,"featured_media":0,"parent":0,"menu_order":0,"comment_status":"closed","ping_status":"closed","template":"full_width.php","meta":{"content-type":"","footnotes":""},"class_list":["post-120","page","type-page","status-publish","hentry"],"_links":{"self":[{"href":"https:\/\/omamystudio.pl\/wedding\/wp-json\/wp\/v2\/pages\/120","targetHints":{"allow":["GET"]}}],"collection":[{"href":"https:\/\/omamystudio.pl\/wedding\/wp-json\/wp\/v2\/pages"}],"about":[{"href":"https:\/\/omamystudio.pl\/wedding\/wp-json\/wp\/v2\/types\/page"}],"author":[{"embeddable":true,"href":"https:\/\/omamystudio.pl\/wedding\/wp-json\/wp\/v2\/users\/2"}],"replies":[{"embeddable":true,"href":"https:\/\/omamystudio.pl\/wedding\/wp-json\/wp\/v2\/comments?post=120"}],"version-history":[{"count":6,"href":"https:\/\/omamystudio.pl\/wedding\/wp-json\/wp\/v2\/pages\/120\/revisions"}],"predecessor-version":[{"id":367,"href":"https:\/\/omamystudio.pl\/wedding\/wp-json\/wp\/v2\/pages\/120\/revisions\/367"}],"wp:attachment":[{"href":"https:\/\/omamystudio.pl\/wedding\/wp-json\/wp\/v2\/media?parent=120"}],"curies":[{"name":"wp","href":"https:\/\/api.w.org\/{rel}","templated":true}]}}