{"id":66,"date":"2020-04-28T08:35:44","date_gmt":"2020-04-28T08:35:44","guid":{"rendered":"https:\/\/bridge358.qodeinteractive.com\/?page_id=66"},"modified":"2024-02-28T14:29:04","modified_gmt":"2024-02-28T13:29:04","slug":"invitation","status":"publish","type":"page","link":"https:\/\/omamystudio.pl\/wedding\/invitation\/","title":{"rendered":"Invitation"},"content":{"rendered":"\t\t<div data-elementor-type=\"wp-page\" data-elementor-id=\"66\" class=\"elementor elementor-66\">\n\t\t\t\t\t\t<section class=\"elementor-section elementor-top-section elementor-element elementor-element-8b658a6 elementor-section-full_width elementor-section-height-default elementor-section-height-default parallax_section_no qode_elementor_container_no\" data-id=\"8b658a6\" data-element_type=\"section\" data-settings=\"{&quot;background_background&quot;:&quot;classic&quot;}\">\n\t\t\t\t\t\t<div class=\"elementor-container elementor-column-gap-no\">\n\t\t\t\t\t<div class=\"elementor-column elementor-col-100 elementor-top-column elementor-element elementor-element-04df953\" data-id=\"04df953\" data-element_type=\"column\">\n\t\t\t<div class=\"elementor-widget-wrap elementor-element-populated\">\n\t\t\t\t\t\t<div class=\"elementor-element elementor-element-2fa94f4 elementor-widget elementor-widget-image\" data-id=\"2fa94f4\" data-element_type=\"widget\" data-widget_type=\"image.default\">\n\t\t\t\t<div class=\"elementor-widget-container\">\n\t\t\t<style>\/*! elementor - v3.19.0 - 07-02-2024 *\/\n.elementor-widget-image{text-align:center}.elementor-widget-image a{display:inline-block}.elementor-widget-image a img[src$=\".svg\"]{width:48px}.elementor-widget-image img{vertical-align:middle;display:inline-block}<\/style>\t\t\t\t\t\t\t\t\t\t<img fetchpriority=\"high\" decoding=\"async\" width=\"752\" height=\"184\" src=\"https:\/\/omamystudio.pl\/wedding\/wp-content\/uploads\/2020\/04\/invitation-img-2.png\" class=\"attachment-full size-full wp-image-69\" alt=\"\" srcset=\"https:\/\/omamystudio.pl\/wedding\/wp-content\/uploads\/2020\/04\/invitation-img-2.png 752w, https:\/\/omamystudio.pl\/wedding\/wp-content\/uploads\/2020\/04\/invitation-img-2-300x73.png 300w, https:\/\/omamystudio.pl\/wedding\/wp-content\/uploads\/2020\/04\/invitation-img-2-700x171.png 700w\" sizes=\"(max-width: 752px) 100vw, 752px\" \/>\t\t\t\t\t\t\t\t\t\t\t\t\t<\/div>\n\t\t\t\t<\/div>\n\t\t\t\t<div class=\"elementor-element elementor-element-744e71a elementor-widget elementor-widget-text-editor\" data-id=\"744e71a\" data-element_type=\"widget\" data-widget_type=\"text-editor.default\">\n\t\t\t\t<div class=\"elementor-widget-container\">\n\t\t\t<style>\/*! elementor - v3.19.0 - 07-02-2024 *\/\n.elementor-widget-text-editor.elementor-drop-cap-view-stacked .elementor-drop-cap{background-color:#69727d;color:#fff}.elementor-widget-text-editor.elementor-drop-cap-view-framed .elementor-drop-cap{color:#69727d;border:3px solid;background-color:transparent}.elementor-widget-text-editor:not(.elementor-drop-cap-view-default) .elementor-drop-cap{margin-top:8px}.elementor-widget-text-editor:not(.elementor-drop-cap-view-default) .elementor-drop-cap-letter{width:1em;height:1em}.elementor-widget-text-editor .elementor-drop-cap{float:left;text-align:center;line-height:1;font-size:50px}.elementor-widget-text-editor .elementor-drop-cap-letter{display:inline-block}<\/style>\t\t\t\t<h3 style=\"text-align: center;\"><span style=\"color: #676458; font-size: 24px;\">Sobota | 21 wrze\u015bnia 2024 | Wroc\u0142aw<\/span><\/h3>\t\t\t\t\t\t<\/div>\n\t\t\t\t<\/div>\n\t\t\t\t\t<\/div>\n\t\t<\/div>\n\t\t\t\t\t<\/div>\n\t\t<\/section>\n\t\t\t\t<section class=\"elementor-section elementor-top-section elementor-element elementor-element-c8483b qode_elementor_container_inner elementor-section-boxed elementor-section-height-default elementor-section-height-default parallax_section_no\" data-id=\"c8483b\" data-element_type=\"section\">\n\t\t\t\t\t\t<div class=\"elementor-container elementor-column-gap-no\">\n\t\t\t\t\t<div class=\"elementor-column elementor-col-100 elementor-top-column elementor-element elementor-element-7ca03e23\" data-id=\"7ca03e23\" data-element_type=\"column\">\n\t\t\t<div class=\"elementor-widget-wrap elementor-element-populated\">\n\t\t\t\t\t\t<div class=\"elementor-element elementor-element-cd866b9 elementor-widget elementor-widget-text-editor\" data-id=\"cd866b9\" data-element_type=\"widget\" data-widget_type=\"text-editor.default\">\n\t\t\t\t<div class=\"elementor-widget-container\">\n\t\t\t\t\t\t\t<h5 style=\"text-align: center;\">zapisz t\u0119 dat\u0119<\/h5>\t\t\t\t\t\t<\/div>\n\t\t\t\t<\/div>\n\t\t\t\t<div class=\"elementor-element elementor-element-4fe48c2b elementor-widget elementor-widget-text-editor\" data-id=\"4fe48c2b\" data-element_type=\"widget\" data-widget_type=\"text-editor.default\">\n\t\t\t\t<div class=\"elementor-widget-container\">\n\t\t\t\t\t\t\t<h1 style=\"text-align: center;\">Celebruj z nami nasz\u0105 mi\u0142o\u015b\u0107<\/h1>\t\t\t\t\t\t<\/div>\n\t\t\t\t<\/div>\n\t\t\t\t<div class=\"elementor-element elementor-element-c3c5386 elementor-widget elementor-widget-image\" data-id=\"c3c5386\" data-element_type=\"widget\" data-widget_type=\"image.default\">\n\t\t\t\t<div class=\"elementor-widget-container\">\n\t\t\t\t\t\t\t\t\t\t\t\t\t<img decoding=\"async\" width=\"139\" height=\"16\" src=\"https:\/\/omamystudio.pl\/wedding\/wp-content\/uploads\/2020\/04\/separator.png\" class=\"attachment-full size-full wp-image-21\" alt=\"m\" \/>\t\t\t\t\t\t\t\t\t\t\t\t\t<\/div>\n\t\t\t\t<\/div>\n\t\t\t\t<div class=\"elementor-element elementor-element-db24ada elementor-widget elementor-widget-text-editor\" data-id=\"db24ada\" data-element_type=\"widget\" data-widget_type=\"text-editor.default\">\n\t\t\t\t<div class=\"elementor-widget-container\">\n\t\t\t\t\t\t\t<h4 style=\"text-align: center;\">Zapraszamy Ci\u0119 na wsp\u00f3lne \u015bwi\u0119towanie. B\u0119dzie to dla nas wyj\u0105tkowy dzie\u0144 pe\u0142en mi\u0142o\u015bci, rado\u015bci i niezapomnianych emocji. Cieszymy si\u0119, \u017ce b\u0119dziesz \u015bwi\u0119towa\u0107 z nami ten wyj\u0105tkowy moment w naszym \u017cyciu.<\/h4>\t\t\t\t\t\t<\/div>\n\t\t\t\t<\/div>\n\t\t\t\t<div class=\"elementor-element elementor-element-57eb947 elementor-widget elementor-widget-text-editor\" data-id=\"57eb947\" data-element_type=\"widget\" data-widget_type=\"text-editor.default\">\n\t\t\t\t<div class=\"elementor-widget-container\">\n\t\t\t\t\t\t\t<h2 style=\"text-align: center;\">\u00a021 wrze\u015bnia 2024 &#8211; 15:00<\/h2>\t\t\t\t\t\t<\/div>\n\t\t\t\t<\/div>\n\t\t\t\t<div class=\"elementor-element elementor-element-bad239a elementor-widget elementor-widget-text-editor\" data-id=\"bad239a\" data-element_type=\"widget\" data-widget_type=\"text-editor.default\">\n\t\t\t\t<div class=\"elementor-widget-container\">\n\t\t\t\t\t\t\t<h5 style=\"text-align: center;\">Ceremonia za\u015blubin<\/h5>\t\t\t\t\t\t<\/div>\n\t\t\t\t<\/div>\n\t\t\t\t<div class=\"elementor-element elementor-element-6f8aa04 elementor-widget elementor-widget-text-editor\" data-id=\"6f8aa04\" data-element_type=\"widget\" data-widget_type=\"text-editor.default\">\n\t\t\t\t<div class=\"elementor-widget-container\">\n\t\t\t\t\t\t\t<h3 style=\"text-align: center;\">Parafia Naj\u015bwi\u0119tszej Maryi Panny Kr\u00f3lowej Pokoju<br \/>ul. Ojc\u00f3w Oblat\u00f3w 1, Wroc\u0142aw<\/h3>\t\t\t\t\t\t<\/div>\n\t\t\t\t<\/div>\n\t\t\t\t<div class=\"elementor-element elementor-element-1a1a55e9 elementor-widget elementor-widget-text-editor\" data-id=\"1a1a55e9\" data-element_type=\"widget\" data-widget_type=\"text-editor.default\">\n\t\t\t\t<div class=\"elementor-widget-container\">\n\t\t\t\t\t\t\t<h5 style=\"text-align: center;\">Uroczysto\u015b\u0107 weselna<\/h5>\t\t\t\t\t\t<\/div>\n\t\t\t\t<\/div>\n\t\t\t\t<div class=\"elementor-element elementor-element-131958f elementor-widget elementor-widget-text-editor\" data-id=\"131958f\" data-element_type=\"widget\" data-widget_type=\"text-editor.default\">\n\t\t\t\t<div class=\"elementor-widget-container\">\n\t\t\t\t\t\t\t<h3 style=\"text-align: center;\">Villa Caprice <br \/>ul. Fryderyka Chopina 27, Wroc\u0142aw<\/h3>\t\t\t\t\t\t<\/div>\n\t\t\t\t<\/div>\n\t\t\t\t\t<\/div>\n\t\t<\/div>\n\t\t\t\t\t<\/div>\n\t\t<\/section>\n\t\t\t\t<section class=\"elementor-section elementor-top-section elementor-element elementor-element-587d319a elementor-section-full_width elementor-section-height-default elementor-section-height-default parallax_section_no qode_elementor_container_no\" data-id=\"587d319a\" data-element_type=\"section\" data-settings=\"{&quot;background_background&quot;:&quot;classic&quot;}\">\n\t\t\t\t\t\t<div class=\"elementor-container elementor-column-gap-default\">\n\t\t\t\t\t<div class=\"elementor-column elementor-col-100 elementor-top-column elementor-element elementor-element-24c6f5da\" data-id=\"24c6f5da\" data-element_type=\"column\">\n\t\t\t<div class=\"elementor-widget-wrap elementor-element-populated\">\n\t\t\t\t\t\t<div class=\"elementor-element elementor-element-32b33d6e elementor-widget elementor-widget-text-editor\" data-id=\"32b33d6e\" data-element_type=\"widget\" data-widget_type=\"text-editor.default\">\n\t\t\t\t<div class=\"elementor-widget-container\">\n\t\t\t\t\t\t\t<h5 style=\"text-align: center;\">B\u0119dziesz razem z nami?<\/h5>\t\t\t\t\t\t<\/div>\n\t\t\t\t<\/div>\n\t\t\t\t<div class=\"elementor-element elementor-element-4294a724 elementor-widget elementor-widget-text-editor\" data-id=\"4294a724\" data-element_type=\"widget\" data-widget_type=\"text-editor.default\">\n\t\t\t\t<div class=\"elementor-widget-container\">\n\t\t\t\t\t\t\t<h1 style=\"text-align: center;\">Po\u015bwi\u0119\u0107 chwil\u0119, aby odpowiedzie\u0107 na nasze zaproszenie<\/h1>\t\t\t\t\t\t<\/div>\n\t\t\t\t<\/div>\n\t\t\t\t<div class=\"elementor-element elementor-element-57ff18ab elementor-widget__width-auto elementor-widget elementor-widget-bridge_button\" data-id=\"57ff18ab\" data-element_type=\"widget\" data-widget_type=\"bridge_button.default\">\n\t\t\t\t<div class=\"elementor-widget-container\">\n\t\t\t<a  itemprop=\"url\" href=\"https:\/\/omamystudio.pl\/wedding\/rsvp\/\" target=\"_self\"  class=\"qbutton  default\" style=\"\">odpowiedz<\/a>\t\t<\/div>\n\t\t\t\t<\/div>\n\t\t\t\t\t<\/div>\n\t\t<\/div>\n\t\t\t\t\t<\/div>\n\t\t<\/section>\n\t\t\t\t<\/div>\n\t\t","protected":false},"excerpt":{"rendered":"<p>Sobota | 21 wrze\u015bnia 2024 | Wroc\u0142aw zapisz t\u0119 dat\u0119 Celebruj z nami nasz\u0105 mi\u0142o\u015b\u0107 Zapraszamy Ci\u0119 na wsp\u00f3lne \u015bwi\u0119towanie. B\u0119dzie to dla nas wyj\u0105tkowy dzie\u0144 pe\u0142en mi\u0142o\u015bci, rado\u015bci i niezapomnianych emocji. Cieszymy si\u0119, \u017ce b\u0119dziesz \u015bwi\u0119towa\u0107 z nami ten wyj\u0105tkowy moment w naszym \u017cyciu&#8230;.<\/p>\n","protected":false},"author":2,"featured_media":0,"parent":0,"menu_order":0,"comment_status":"closed","ping_status":"closed","template":"full_width.php","meta":{"content-type":"","footnotes":""},"class_list":["post-66","page","type-page","status-publish","hentry"],"_links":{"self":[{"href":"https:\/\/omamystudio.pl\/wedding\/wp-json\/wp\/v2\/pages\/66","targetHints":{"allow":["GET"]}}],"collection":[{"href":"https:\/\/omamystudio.pl\/wedding\/wp-json\/wp\/v2\/pages"}],"about":[{"href":"https:\/\/omamystudio.pl\/wedding\/wp-json\/wp\/v2\/types\/page"}],"author":[{"embeddable":true,"href":"https:\/\/omamystudio.pl\/wedding\/wp-json\/wp\/v2\/users\/2"}],"replies":[{"embeddable":true,"href":"https:\/\/omamystudio.pl\/wedding\/wp-json\/wp\/v2\/comments?post=66"}],"version-history":[{"count":30,"href":"https:\/\/omamystudio.pl\/wedding\/wp-json\/wp\/v2\/pages\/66\/revisions"}],"predecessor-version":[{"id":408,"href":"https:\/\/omamystudio.pl\/wedding\/wp-json\/wp\/v2\/pages\/66\/revisions\/408"}],"wp:attachment":[{"href":"https:\/\/omamystudio.pl\/wedding\/wp-json\/wp\/v2\/media?parent=66"}],"curies":[{"name":"wp","href":"https:\/\/api.w.org\/{rel}","templated":true}]}}